{"id":777,"date":"2021-02-11T20:44:39","date_gmt":"2021-02-11T20:44:39","guid":{"rendered":"https:\/\/starkes-buero.de\/?page_id=777"},"modified":"2021-02-13T15:23:50","modified_gmt":"2021-02-13T15:23:50","slug":"contact-2","status":"publish","type":"page","link":"https:\/\/starkes-buero.de\/?page_id=777","title":{"rendered":"Impressum"},"content":{"rendered":"\t\t<div data-elementor-type=\"wp-post\" data-elementor-id=\"777\" class=\"elementor elementor-777\">\n\t\t\t\t\t\t\t\t\t<section class=\"elementor-section elementor-top-section elementor-element elementor-element-96de28b elementor-section-boxed elementor-section-height-default elementor-section-height-default\" data-id=\"96de28b\" data-element_type=\"section\" data-settings=\"{&quot;background_background&quot;:&quot;classic&quot;}\">\n\t\t\t\t\t\t\t<div class=\"elementor-background-overlay\"><\/div>\n\t\t\t\t\t\t\t<div class=\"elementor-container elementor-column-gap-no\">\n\t\t\t\t\t<div class=\"elementor-column elementor-col-100 elementor-top-column elementor-element elementor-element-9f80700\" data-id=\"9f80700\" data-element_type=\"column\">\n\t\t\t<div class=\"elementor-widget-wrap elementor-element-populated\">\n\t\t\t\t\t\t\t\t<div class=\"elementor-element elementor-element-cc9b997 elementor-widget elementor-widget-heading\" data-id=\"cc9b997\" data-element_type=\"widget\" data-widget_type=\"heading.default\">\n\t\t\t\t<div class=\"elementor-widget-container\">\n\t\t\t<h1 class=\"elementor-heading-title elementor-size-default\">Impressum<\/h1>\t\t<\/div>\n\t\t\t\t<\/div>\n\t\t\t\t\t<\/div>\n\t\t<\/div>\n\t\t\t\t\t\t\t<\/div>\n\t\t<\/section>\n\t\t\t\t<section class=\"elementor-section elementor-top-section elementor-element elementor-element-23ed93a elementor-section-boxed elementor-section-height-default elementor-section-height-default\" data-id=\"23ed93a\" data-element_type=\"section\">\n\t\t\t\t\t\t<div class=\"elementor-container elementor-column-gap-default\">\n\t\t\t\t\t<div class=\"elementor-column elementor-col-100 elementor-top-column elementor-element elementor-element-6b16c46\" data-id=\"6b16c46\" data-element_type=\"column\">\n\t\t\t<div class=\"elementor-widget-wrap elementor-element-populated\">\n\t\t\t\t\t\t\t\t<section class=\"elementor-section elementor-inner-section elementor-element elementor-element-efd2cae elementor-section-boxed elementor-section-height-default elementor-section-height-default\" data-id=\"efd2cae\" data-element_type=\"section\">\n\t\t\t\t\t\t<div class=\"elementor-container elementor-column-gap-default\">\n\t\t\t\t\t<div class=\"elementor-column elementor-col-100 elementor-inner-column elementor-element elementor-element-0965bf7\" data-id=\"0965bf7\" data-element_type=\"column\">\n\t\t\t<div class=\"elementor-widget-wrap elementor-element-populated\">\n\t\t\t\t\t\t\t\t<div class=\"elementor-element elementor-element-2b603b7 elementor-widget elementor-widget-text-editor\" data-id=\"2b603b7\" data-element_type=\"widget\" data-widget_type=\"text-editor.default\">\n\t\t\t\t<div class=\"elementor-widget-container\">\n\t\t\t\t\t\t\t<p><strong>&#8222;Starkes B\u00fcro&#8220;<\/strong> ist ein Service der starke AG.<\/p>\t\t\t\t\t\t<\/div>\n\t\t\t\t<\/div>\n\t\t\t\t<div class=\"elementor-element elementor-element-b01db89 elementor-widget elementor-widget-text-editor\" data-id=\"b01db89\" data-element_type=\"widget\" data-widget_type=\"text-editor.default\">\n\t\t\t\t<div class=\"elementor-widget-container\">\n\t\t\t\t\t\t\t<p class=\"widget-title\"><span style=\"font-size: 16px;\">starke AG<\/span><\/p><div class=\"siteorigin-widget-tinymce textwidget\"><p>3. S\u00fcderwieke 6<br \/>26802 Moormerland<br \/>GERMANY<\/p><p>Telefon: +49 4954 &#8211; 890 2388<br \/>E-Mail: info@starke.ag<\/p><p><strong>Aufsichtsratsvorsitzender:\u00a0<\/strong>Sebastian Starke<br \/><strong>Vorstandsvorsitzender:\u00a0<\/strong>Matthias Starke<\/p><p><strong>Registergericht:\u00a0<\/strong>Amtsgericht Aurich<br \/><strong>Registernummer:<\/strong>\u00a0HRB 205139<\/p><p><strong>USt-IdNr.:\u00a0<\/strong>DE323175805<\/p><\/div><div style=\"color: #5b5b5b; font-family: Roboto; font-size: 16px; font-style: normal; font-weight: 400;\">\u00a0<\/div>\t\t\t\t\t\t<\/div>\n\t\t\t\t<\/div>\n\t\t\t\t\t<\/div>\n\t\t<\/div>\n\t\t\t\t\t\t\t<\/div>\n\t\t<\/section>\n\t\t\t\t\t<\/div>\n\t\t<\/div>\n\t\t\t\t\t\t\t<\/div>\n\t\t<\/section>\n\t\t\t\t\t\t\t<\/div>\n\t\t","protected":false},"excerpt":{"rendered":"<p>Impressum &#8222;Starkes B\u00fcro&#8220; ist ein Service der starke AG. starke AG 3. S\u00fcderwieke 626802 MoormerlandGERMANY Telefon: +49 4954 &#8211; 890 2388E-Mail: info@starke.ag Aufsichtsratsvorsitzender:\u00a0Sebastian StarkeVorstandsvorsitzender:\u00a0Matthias Starke Registergericht:\u00a0Amtsgericht AurichRegisternummer:\u00a0HRB 205139 USt-IdNr.:\u00a0DE323175805 \u00a0<\/p>\n","protected":false},"author":1,"featured_media":0,"parent":0,"menu_order":0,"comment_status":"closed","ping_status":"closed","template":"","meta":{"site-sidebar-layout":"default","site-content-layout":"page-builder","ast-global-header-display":"","ast-main-header-display":"","ast-hfb-above-header-display":"","ast-hfb-below-header-display":"","ast-hfb-mobile-header-display":"","site-post-title":"disabled","ast-breadcrumbs-content":"","ast-featured-img":"disabled","footer-sml-layout":"","theme-transparent-header-meta":"enabled","adv-header-id-meta":"","stick-header-meta":"","header-above-stick-meta":"","header-main-stick-meta":"","header-below-stick-meta":""},"yoast_head":"<!-- This site is optimized with the Yoast SEO plugin v20.1 - https:\/\/yoast.com\/wordpress\/plugins\/seo\/ -->\n<title>Impressum - Starkes B\u00fcro<\/title>\n<meta name=\"robots\" content=\"index, follow, max-snippet:-1, max-image-preview:large, max-video-preview:-1\" \/>\n<link rel=\"canonical\" href=\"https:\/\/starkes-buero.de\/?page_id=777\" \/>\n<meta property=\"og:locale\" content=\"de_DE\" \/>\n<meta property=\"og:type\" content=\"article\" \/>\n<meta property=\"og:title\" content=\"Impressum - Starkes B\u00fcro\" \/>\n<meta property=\"og:description\" content=\"Impressum &#8222;Starkes B\u00fcro&#8220; ist ein Service der starke AG. starke AG 3. S\u00fcderwieke 626802 MoormerlandGERMANY Telefon: +49 4954 &#8211; 890 2388E-Mail: info@starke.ag Aufsichtsratsvorsitzender:\u00a0Sebastian StarkeVorstandsvorsitzender:\u00a0Matthias Starke Registergericht:\u00a0Amtsgericht AurichRegisternummer:\u00a0HRB 205139 USt-IdNr.:\u00a0DE323175805 \u00a0\" \/>\n<meta property=\"og:url\" content=\"https:\/\/starkes-buero.de\/?page_id=777\" \/>\n<meta property=\"og:site_name\" content=\"Starkes B\u00fcro\" \/>\n<meta property=\"article:modified_time\" content=\"2021-02-13T15:23:50+00:00\" \/>\n<meta name=\"twitter:card\" content=\"summary_large_image\" \/>\n<script type=\"application\/ld+json\" class=\"yoast-schema-graph\">{\"@context\":\"https:\/\/schema.org\",\"@graph\":[{\"@type\":\"WebPage\",\"@id\":\"https:\/\/starkes-buero.de\/?page_id=777\",\"url\":\"https:\/\/starkes-buero.de\/?page_id=777\",\"name\":\"Impressum - Starkes B\u00fcro\",\"isPartOf\":{\"@id\":\"https:\/\/starkes-buero.de\/#website\"},\"datePublished\":\"2021-02-11T20:44:39+00:00\",\"dateModified\":\"2021-02-13T15:23:50+00:00\",\"breadcrumb\":{\"@id\":\"https:\/\/starkes-buero.de\/?page_id=777#breadcrumb\"},\"inLanguage\":\"de-DE\",\"potentialAction\":[{\"@type\":\"ReadAction\",\"target\":[\"https:\/\/starkes-buero.de\/?page_id=777\"]}]},{\"@type\":\"BreadcrumbList\",\"@id\":\"https:\/\/starkes-buero.de\/?page_id=777#breadcrumb\",\"itemListElement\":[{\"@type\":\"ListItem\",\"position\":1,\"name\":\"Startseite\",\"item\":\"https:\/\/starkes-buero.de\/\"},{\"@type\":\"ListItem\",\"position\":2,\"name\":\"Impressum\"}]},{\"@type\":\"WebSite\",\"@id\":\"https:\/\/starkes-buero.de\/#website\",\"url\":\"https:\/\/starkes-buero.de\/\",\"name\":\"Starkes B\u00fcro\",\"description\":\"Ein Service der starke AG\",\"publisher\":{\"@id\":\"https:\/\/starkes-buero.de\/#organization\"},\"potentialAction\":[{\"@type\":\"SearchAction\",\"target\":{\"@type\":\"EntryPoint\",\"urlTemplate\":\"https:\/\/starkes-buero.de\/?s={search_term_string}\"},\"query-input\":\"required name=search_term_string\"}],\"inLanguage\":\"de-DE\"},{\"@type\":\"Organization\",\"@id\":\"https:\/\/starkes-buero.de\/#organization\",\"name\":\"Starkes B\u00fcro\",\"url\":\"https:\/\/starkes-buero.de\/\",\"logo\":{\"@type\":\"ImageObject\",\"inLanguage\":\"de-DE\",\"@id\":\"https:\/\/starkes-buero.de\/#\/schema\/logo\/image\/\",\"url\":\"https:\/\/starkes-buero.de\/wp-content\/uploads\/2021\/02\/favicon-96x96-1.png\",\"contentUrl\":\"https:\/\/starkes-buero.de\/wp-content\/uploads\/2021\/02\/favicon-96x96-1.png\",\"width\":96,\"height\":96,\"caption\":\"Starkes B\u00fcro\"},\"image\":{\"@id\":\"https:\/\/starkes-buero.de\/#\/schema\/logo\/image\/\"}}]}<\/script>\n<!-- \/ Yoast SEO plugin. -->","yoast_head_json":{"title":"Impressum - Starkes B\u00fcro","robots":{"index":"index","follow":"follow","max-snippet":"max-snippet:-1","max-image-preview":"max-image-preview:large","max-video-preview":"max-video-preview:-1"},"canonical":"https:\/\/starkes-buero.de\/?page_id=777","og_locale":"de_DE","og_type":"article","og_title":"Impressum - Starkes B\u00fcro","og_description":"Impressum &#8222;Starkes B\u00fcro&#8220; ist ein Service der starke AG. starke AG 3. S\u00fcderwieke 626802 MoormerlandGERMANY Telefon: +49 4954 &#8211; 890 2388E-Mail: info@starke.ag Aufsichtsratsvorsitzender:\u00a0Sebastian StarkeVorstandsvorsitzender:\u00a0Matthias Starke Registergericht:\u00a0Amtsgericht AurichRegisternummer:\u00a0HRB 205139 USt-IdNr.:\u00a0DE323175805 \u00a0","og_url":"https:\/\/starkes-buero.de\/?page_id=777","og_site_name":"Starkes B\u00fcro","article_modified_time":"2021-02-13T15:23:50+00:00","twitter_card":"summary_large_image","schema":{"@context":"https:\/\/schema.org","@graph":[{"@type":"WebPage","@id":"https:\/\/starkes-buero.de\/?page_id=777","url":"https:\/\/starkes-buero.de\/?page_id=777","name":"Impressum - Starkes B\u00fcro","isPartOf":{"@id":"https:\/\/starkes-buero.de\/#website"},"datePublished":"2021-02-11T20:44:39+00:00","dateModified":"2021-02-13T15:23:50+00:00","breadcrumb":{"@id":"https:\/\/starkes-buero.de\/?page_id=777#breadcrumb"},"inLanguage":"de-DE","potentialAction":[{"@type":"ReadAction","target":["https:\/\/starkes-buero.de\/?page_id=777"]}]},{"@type":"BreadcrumbList","@id":"https:\/\/starkes-buero.de\/?page_id=777#breadcrumb","itemListElement":[{"@type":"ListItem","position":1,"name":"Startseite","item":"https:\/\/starkes-buero.de\/"},{"@type":"ListItem","position":2,"name":"Impressum"}]},{"@type":"WebSite","@id":"https:\/\/starkes-buero.de\/#website","url":"https:\/\/starkes-buero.de\/","name":"Starkes B\u00fcro","description":"Ein Service der starke AG","publisher":{"@id":"https:\/\/starkes-buero.de\/#organization"},"potentialAction":[{"@type":"SearchAction","target":{"@type":"EntryPoint","urlTemplate":"https:\/\/starkes-buero.de\/?s={search_term_string}"},"query-input":"required name=search_term_string"}],"inLanguage":"de-DE"},{"@type":"Organization","@id":"https:\/\/starkes-buero.de\/#organization","name":"Starkes B\u00fcro","url":"https:\/\/starkes-buero.de\/","logo":{"@type":"ImageObject","inLanguage":"de-DE","@id":"https:\/\/starkes-buero.de\/#\/schema\/logo\/image\/","url":"https:\/\/starkes-buero.de\/wp-content\/uploads\/2021\/02\/favicon-96x96-1.png","contentUrl":"https:\/\/starkes-buero.de\/wp-content\/uploads\/2021\/02\/favicon-96x96-1.png","width":96,"height":96,"caption":"Starkes B\u00fcro"},"image":{"@id":"https:\/\/starkes-buero.de\/#\/schema\/logo\/image\/"}}]}},"_links":{"self":[{"href":"https:\/\/starkes-buero.de\/index.php?rest_route=\/wp\/v2\/pages\/777"}],"collection":[{"href":"https:\/\/starkes-buero.de\/index.php?rest_route=\/wp\/v2\/pages"}],"about":[{"href":"https:\/\/starkes-buero.de\/index.php?rest_route=\/wp\/v2\/types\/page"}],"author":[{"embeddable":true,"href":"https:\/\/starkes-buero.de\/index.php?rest_route=\/wp\/v2\/users\/1"}],"replies":[{"embeddable":true,"href":"https:\/\/starkes-buero.de\/index.php?rest_route=%2Fwp%2Fv2%2Fcomments&post=777"}],"version-history":[{"count":10,"href":"https:\/\/starkes-buero.de\/index.php?rest_route=\/wp\/v2\/pages\/777\/revisions"}],"predecessor-version":[{"id":968,"href":"https:\/\/starkes-buero.de\/index.php?rest_route=\/wp\/v2\/pages\/777\/revisions\/968"}],"wp:attachment":[{"href":"https:\/\/starkes-buero.de\/index.php?rest_route=%2Fwp%2Fv2%2Fmedia&parent=777"}],"curies":[{"name":"wp","href":"https:\/\/api.w.org\/{rel}","templated":true}]}}